{"id":41190,"date":"2024-12-27T09:51:07","date_gmt":"2024-12-27T12:51:07","guid":{"rendered":"https:\/\/iberculturaviva.org\/redes-ibercultura-viva\/"},"modified":"2025-08-28T10:34:09","modified_gmt":"2025-08-28T13:34:09","slug":"redes-ibercultura-viva","status":"publish","type":"page","link":"https:\/\/iberculturaviva.org\/es\/redes-ibercultura-viva\/","title":{"rendered":"Redes IberCultura Viva"},"content":{"rendered":"\n<p class=\"has-large-font-size\">Las <strong>Redes IberCultura Viva <\/strong>son una estrategia de articulaci\u00f3n que conecta a diferentes actores institucionales, consolidando trayectorias y ampliando el impacto de las pol\u00edticas culturales de base comunitaria. El Programa cuenta con dos redes activas: la Red de Ciudades y Gobiernos Locales y la Red Educativa, cada una con un papel fundamental en el fortalecimiento de la cultura viva en los territorios.<\/p>\n\n\n\n<p class=\"has-large-font-size\">La<strong> Red de Ciudades y Gobiernos Locales <\/strong>\u2013 creada en 2019 \u2013 parte del principio de que las ciudades son el escenario donde transcurre la vida de las personas. Es donde la cultura late en el d\u00eda a d\u00eda, en los espacios de encuentro, en las manifestaciones comunitarias. Por ello, fortalecer las pol\u00edticas culturales a nivel subnacional \u2013 en estados, provincias, departamentos, municipios y alcald\u00edas \u2013 significa garantizar que la cultura viva sea reconocida, apoyada e integrada al desarrollo de los territorios.<\/p>\n\n\n\n<p class=\"has-large-font-size\">Por su parte, la <strong>Red Educativa<\/strong> \u2013 creada en 2025 \u2013 conecta conocimientos ancestrales, acad\u00e9micos y populares, construyendo espacios de aprendizaje y valorizaci\u00f3n de la diversidad cultural. A trav\u00e9s de la formaci\u00f3n, la investigaci\u00f3n y la sistematizaci\u00f3n de experiencias, esta red busca contribuir al desarrollo y la evaluaci\u00f3n de pol\u00edticas culturales comunitarias.<\/p>\n\n\n\n<p class=\"has-large-font-size\">Con estas redes, IberCultura Viva ampl\u00eda conexiones y construye caminos colectivos para fortalecer la cultura viva en Iberoam\u00e9rica.<\/p>\n\n\n\n<div class=\"wp-block-buttons is-content-justification-left is-layout-flex wp-container-core-buttons-is-layout-fc4fd283 wp-block-buttons-is-layout-flex\">\n<div class=\"wp-block-button has-custom-font-size is-style-fill has-large-font-size\"><a class=\"wp-block-button__link has-white-color has-secondary-pure-background-color has-text-color has-background has-link-color has-text-align-left wp-element-button\" href=\"https:\/\/iberculturaviva.org\/es\/rede-ibercultura-viva-de-cidades-e-governos-locais\/\" style=\"border-width:3px;border-radius:10px\" target=\"_blank\" rel=\"noreferrer noopener\"><strong><em><strong>\u00a1Conoce c\u00f3mo participar en la Red de Ciudades y Gobiernos Locales!<\/strong><\/em><\/strong><\/a><\/div>\n<\/div>\n\n\n\n<p class=\"is-style-warning has-white-background-color has-background has-large-font-size\"><strong><em>\u00a1Pronto compartiremos m\u00e1s detalles sobre a Red Educativa por aqu\u00ed tambi\u00e9n!<\/em><\/strong><\/p>\n\n\n\n<figure class=\"wp-block-image alignfull size-large\"><img loading=\"lazy\" decoding=\"async\" width=\"1024\" height=\"423\" src=\"https:\/\/iberculturaviva.org\/wp-content\/uploads\/2025\/03\/sliders-site-4-1-1024x423.png\" alt=\"\" class=\"wp-image-41954\" srcset=\"https:\/\/iberculturaviva.org\/wp-content\/uploads\/2025\/03\/sliders-site-4-1-1024x423.png 1024w, https:\/\/iberculturaviva.org\/wp-content\/uploads\/2025\/03\/sliders-site-4-1-300x124.png 300w, https:\/\/iberculturaviva.org\/wp-content\/uploads\/2025\/03\/sliders-site-4-1-150x62.png 150w, https:\/\/iberculturaviva.org\/wp-content\/uploads\/2025\/03\/sliders-site-4-1-768x317.png 768w, https:\/\/iberculturaviva.org\/wp-content\/uploads\/2025\/03\/sliders-site-4-1.png 1440w\" sizes=\"auto, (max-width: 1024px) 100vw, 1024px\" \/><\/figure>\n","protected":false},"excerpt":{"rendered":"<p>Las Redes IberCultura Viva son una estrategia de articulaci\u00f3n que conecta a diferentes actores institucionales, consolidando trayectorias y ampliando el impacto de las pol\u00edticas culturales de base comunitaria. El Programa [&hellip;]<\/p>\n","protected":false},"author":2,"featured_media":0,"parent":0,"menu_order":0,"comment_status":"closed","ping_status":"closed","template":"","meta":{"_coblocks_attr":"","_coblocks_dimensions":"","_coblocks_responsive_height":"","_coblocks_accordion_ie_support":"","_EventAllDay":false,"_EventTimezone":"","_EventStartDate":"","_EventEndDate":"","_EventStartDateUTC":"","_EventEndDateUTC":"","_EventShowMap":false,"_EventShowMapLink":false,"_EventURL":"","_EventCost":"","_EventCostDescription":"","_EventCurrencySymbol":"","_EventCurrencyCode":"","_EventCurrencyPosition":"","_EventDateTimeSeparator":"","_EventTimeRangeSeparator":"","_EventOrganizerID":[],"_EventVenueID":[],"_OrganizerEmail":"","_OrganizerPhone":"","_OrganizerWebsite":"","_VenueAddress":"","_VenueCity":"","_VenueCountry":"","_VenueProvince":"","_VenueState":"","_VenueZip":"","_VenuePhone":"","_VenueURL":"","_VenueStateProvince":"","_VenueLat":"","_VenueLng":"","_VenueShowMap":false,"_VenueShowMapLink":false,"footnotes":""},"class_list":["post-41190","page","type-page","status-publish","hentry"],"yoast_head":"<!-- This site is optimized with the Yoast SEO plugin v25.7 - https:\/\/yoast.com\/wordpress\/plugins\/seo\/ -->\n<title>Redes IberCultura Viva - IberCultura Viva<\/title>\n<meta name=\"description\" content=\"Redes IberCultura Viva - IberCultura Viva\" \/>\n<meta name=\"robots\" content=\"index, follow, max-snippet:-1, max-image-preview:large, max-video-preview:-1\" \/>\n<link rel=\"canonical\" href=\"https:\/\/iberculturaviva.org\/es\/redes-ibercultura-viva\/\" \/>\n<meta property=\"og:locale\" content=\"es_ES\" \/>\n<meta property=\"og:type\" content=\"article\" \/>\n<meta property=\"og:title\" content=\"Redes IberCultura Viva - IberCultura Viva\" \/>\n<meta property=\"og:description\" content=\"Redes IberCultura Viva - IberCultura Viva\" \/>\n<meta property=\"og:url\" content=\"https:\/\/iberculturaviva.org\/es\/redes-ibercultura-viva\/\" \/>\n<meta property=\"og:site_name\" content=\"IberCultura Viva\" \/>\n<meta property=\"article:publisher\" content=\"https:\/\/www.facebook.com\/iberculturaviva\/\" \/>\n<meta property=\"article:modified_time\" content=\"2025-08-28T13:34:09+00:00\" \/>\n<meta property=\"og:image\" content=\"https:\/\/iberculturaviva.org\/wp-content\/uploads\/2025\/03\/sliders-site-4-1.png\" \/>\n\t<meta property=\"og:image:width\" content=\"1440\" \/>\n\t<meta property=\"og:image:height\" content=\"595\" \/>\n\t<meta property=\"og:image:type\" content=\"image\/png\" \/>\n<meta name=\"twitter:card\" content=\"summary_large_image\" \/>\n<meta name=\"twitter:label1\" content=\"Tiempo de lectura\" \/>\n\t<meta name=\"twitter:data1\" content=\"2 minutos\" \/>\n<script type=\"application\/ld+json\" class=\"yoast-schema-graph\">{\"@context\":\"https:\/\/schema.org\",\"@graph\":[{\"@type\":\"WebPage\",\"@id\":\"https:\/\/iberculturaviva.org\/es\/redes-ibercultura-viva\/\",\"url\":\"https:\/\/iberculturaviva.org\/es\/redes-ibercultura-viva\/\",\"name\":\"Redes IberCultura Viva - IberCultura Viva\",\"isPartOf\":{\"@id\":\"https:\/\/iberculturaviva.org\/es\/?lang=es\/#website\"},\"primaryImageOfPage\":{\"@id\":\"https:\/\/iberculturaviva.org\/es\/redes-ibercultura-viva\/#primaryimage\"},\"image\":{\"@id\":\"https:\/\/iberculturaviva.org\/es\/redes-ibercultura-viva\/#primaryimage\"},\"thumbnailUrl\":\"https:\/\/iberculturaviva.org\/wp-content\/uploads\/2025\/03\/sliders-site-4-1-1024x423.png\",\"datePublished\":\"2024-12-27T12:51:07+00:00\",\"dateModified\":\"2025-08-28T13:34:09+00:00\",\"description\":\"Redes IberCultura Viva - IberCultura Viva\",\"breadcrumb\":{\"@id\":\"https:\/\/iberculturaviva.org\/es\/redes-ibercultura-viva\/#breadcrumb\"},\"inLanguage\":\"es\",\"potentialAction\":[{\"@type\":\"ReadAction\",\"target\":[\"https:\/\/iberculturaviva.org\/es\/redes-ibercultura-viva\/\"]}]},{\"@type\":\"ImageObject\",\"inLanguage\":\"es\",\"@id\":\"https:\/\/iberculturaviva.org\/es\/redes-ibercultura-viva\/#primaryimage\",\"url\":\"https:\/\/iberculturaviva.org\/wp-content\/uploads\/2025\/03\/sliders-site-4-1-1024x423.png\",\"contentUrl\":\"https:\/\/iberculturaviva.org\/wp-content\/uploads\/2025\/03\/sliders-site-4-1-1024x423.png\"},{\"@type\":\"BreadcrumbList\",\"@id\":\"https:\/\/iberculturaviva.org\/es\/redes-ibercultura-viva\/#breadcrumb\",\"itemListElement\":[{\"@type\":\"ListItem\",\"position\":1,\"name\":\"In\u00edcio\",\"item\":\"https:\/\/iberculturaviva.org\/es\/inicio\/\"},{\"@type\":\"ListItem\",\"position\":2,\"name\":\"Redes IberCultura Viva\"}]},{\"@type\":\"WebSite\",\"@id\":\"https:\/\/iberculturaviva.org\/es\/?lang=es\/#website\",\"url\":\"https:\/\/iberculturaviva.org\/es\/?lang=es\/\",\"name\":\"IberCultura Viva\",\"description\":\"Programa de cooperaci\u00f3n cultural\",\"publisher\":{\"@id\":\"https:\/\/iberculturaviva.org\/es\/?lang=es\/#organization\"},\"potentialAction\":[{\"@type\":\"SearchAction\",\"target\":{\"@type\":\"EntryPoint\",\"urlTemplate\":\"https:\/\/iberculturaviva.org\/es\/?lang=es\/?s={search_term_string}\"},\"query-input\":{\"@type\":\"PropertyValueSpecification\",\"valueRequired\":true,\"valueName\":\"search_term_string\"}}],\"inLanguage\":\"es\"},{\"@type\":\"Organization\",\"@id\":\"https:\/\/iberculturaviva.org\/es\/?lang=es\/#organization\",\"name\":\"Iberculturaviva\",\"url\":\"https:\/\/iberculturaviva.org\/es\/?lang=es\/\",\"logo\":{\"@type\":\"ImageObject\",\"inLanguage\":\"es\",\"@id\":\"https:\/\/iberculturaviva.org\/es\/?lang=es\/#\/schema\/logo\/image\/\",\"url\":\"https:\/\/iberculturaviva.org\/wp-content\/uploads\/2021\/08\/logo_ibercultura_viva.jpg\",\"contentUrl\":\"https:\/\/iberculturaviva.org\/wp-content\/uploads\/2021\/08\/logo_ibercultura_viva.jpg\",\"width\":708,\"height\":223,\"caption\":\"Iberculturaviva\"},\"image\":{\"@id\":\"https:\/\/iberculturaviva.org\/es\/?lang=es\/#\/schema\/logo\/image\/\"},\"sameAs\":[\"https:\/\/www.facebook.com\/iberculturaviva\/\",\"https:\/\/www.instagram.com\/iberculturaviva\/\",\"https:\/\/www.youtube.com\/iberculturaviva\"]}]}<\/script>\n<!-- \/ Yoast SEO plugin. -->","yoast_head_json":{"title":"Redes IberCultura Viva - IberCultura Viva","description":"Redes IberCultura Viva - IberCultura Viva","robots":{"index":"index","follow":"follow","max-snippet":"max-snippet:-1","max-image-preview":"max-image-preview:large","max-video-preview":"max-video-preview:-1"},"canonical":"https:\/\/iberculturaviva.org\/es\/redes-ibercultura-viva\/","og_locale":"es_ES","og_type":"article","og_title":"Redes IberCultura Viva - IberCultura Viva","og_description":"Redes IberCultura Viva - IberCultura Viva","og_url":"https:\/\/iberculturaviva.org\/es\/redes-ibercultura-viva\/","og_site_name":"IberCultura Viva","article_publisher":"https:\/\/www.facebook.com\/iberculturaviva\/","article_modified_time":"2025-08-28T13:34:09+00:00","og_image":[{"width":1440,"height":595,"url":"https:\/\/iberculturaviva.org\/wp-content\/uploads\/2025\/03\/sliders-site-4-1.png","type":"image\/png"}],"twitter_card":"summary_large_image","twitter_misc":{"Tiempo de lectura":"2 minutos"},"schema":{"@context":"https:\/\/schema.org","@graph":[{"@type":"WebPage","@id":"https:\/\/iberculturaviva.org\/es\/redes-ibercultura-viva\/","url":"https:\/\/iberculturaviva.org\/es\/redes-ibercultura-viva\/","name":"Redes IberCultura Viva - IberCultura Viva","isPartOf":{"@id":"https:\/\/iberculturaviva.org\/es\/?lang=es\/#website"},"primaryImageOfPage":{"@id":"https:\/\/iberculturaviva.org\/es\/redes-ibercultura-viva\/#primaryimage"},"image":{"@id":"https:\/\/iberculturaviva.org\/es\/redes-ibercultura-viva\/#primaryimage"},"thumbnailUrl":"https:\/\/iberculturaviva.org\/wp-content\/uploads\/2025\/03\/sliders-site-4-1-1024x423.png","datePublished":"2024-12-27T12:51:07+00:00","dateModified":"2025-08-28T13:34:09+00:00","description":"Redes IberCultura Viva - IberCultura Viva","breadcrumb":{"@id":"https:\/\/iberculturaviva.org\/es\/redes-ibercultura-viva\/#breadcrumb"},"inLanguage":"es","potentialAction":[{"@type":"ReadAction","target":["https:\/\/iberculturaviva.org\/es\/redes-ibercultura-viva\/"]}]},{"@type":"ImageObject","inLanguage":"es","@id":"https:\/\/iberculturaviva.org\/es\/redes-ibercultura-viva\/#primaryimage","url":"https:\/\/iberculturaviva.org\/wp-content\/uploads\/2025\/03\/sliders-site-4-1-1024x423.png","contentUrl":"https:\/\/iberculturaviva.org\/wp-content\/uploads\/2025\/03\/sliders-site-4-1-1024x423.png"},{"@type":"BreadcrumbList","@id":"https:\/\/iberculturaviva.org\/es\/redes-ibercultura-viva\/#breadcrumb","itemListElement":[{"@type":"ListItem","position":1,"name":"In\u00edcio","item":"https:\/\/iberculturaviva.org\/es\/inicio\/"},{"@type":"ListItem","position":2,"name":"Redes IberCultura Viva"}]},{"@type":"WebSite","@id":"https:\/\/iberculturaviva.org\/es\/?lang=es\/#website","url":"https:\/\/iberculturaviva.org\/es\/?lang=es\/","name":"IberCultura Viva","description":"Programa de cooperaci\u00f3n cultural","publisher":{"@id":"https:\/\/iberculturaviva.org\/es\/?lang=es\/#organization"},"potentialAction":[{"@type":"SearchAction","target":{"@type":"EntryPoint","urlTemplate":"https:\/\/iberculturaviva.org\/es\/?lang=es\/?s={search_term_string}"},"query-input":{"@type":"PropertyValueSpecification","valueRequired":true,"valueName":"search_term_string"}}],"inLanguage":"es"},{"@type":"Organization","@id":"https:\/\/iberculturaviva.org\/es\/?lang=es\/#organization","name":"Iberculturaviva","url":"https:\/\/iberculturaviva.org\/es\/?lang=es\/","logo":{"@type":"ImageObject","inLanguage":"es","@id":"https:\/\/iberculturaviva.org\/es\/?lang=es\/#\/schema\/logo\/image\/","url":"https:\/\/iberculturaviva.org\/wp-content\/uploads\/2021\/08\/logo_ibercultura_viva.jpg","contentUrl":"https:\/\/iberculturaviva.org\/wp-content\/uploads\/2021\/08\/logo_ibercultura_viva.jpg","width":708,"height":223,"caption":"Iberculturaviva"},"image":{"@id":"https:\/\/iberculturaviva.org\/es\/?lang=es\/#\/schema\/logo\/image\/"},"sameAs":["https:\/\/www.facebook.com\/iberculturaviva\/","https:\/\/www.instagram.com\/iberculturaviva\/","https:\/\/www.youtube.com\/iberculturaviva"]}]}},"_links":{"self":[{"href":"https:\/\/iberculturaviva.org\/es\/wp-json\/wp\/v2\/pages\/41190","targetHints":{"allow":["GET"]}}],"collection":[{"href":"https:\/\/iberculturaviva.org\/es\/wp-json\/wp\/v2\/pages"}],"about":[{"href":"https:\/\/iberculturaviva.org\/es\/wp-json\/wp\/v2\/types\/page"}],"author":[{"embeddable":true,"href":"https:\/\/iberculturaviva.org\/es\/wp-json\/wp\/v2\/users\/2"}],"replies":[{"embeddable":true,"href":"https:\/\/iberculturaviva.org\/es\/wp-json\/wp\/v2\/comments?post=41190"}],"version-history":[{"count":17,"href":"https:\/\/iberculturaviva.org\/es\/wp-json\/wp\/v2\/pages\/41190\/revisions"}],"predecessor-version":[{"id":46603,"href":"https:\/\/iberculturaviva.org\/es\/wp-json\/wp\/v2\/pages\/41190\/revisions\/46603"}],"wp:attachment":[{"href":"https:\/\/iberculturaviva.org\/es\/wp-json\/wp\/v2\/media?parent=41190"}],"curies":[{"name":"wp","href":"https:\/\/api.w.org\/{rel}","templated":true}]}}