{"id":40290,"date":"2024-12-11T09:56:20","date_gmt":"2024-12-11T12:56:20","guid":{"rendered":"https:\/\/iberculturaviva.org\/?page_id=40290"},"modified":"2025-03-19T16:24:45","modified_gmt":"2025-03-19T19:24:45","slug":"as-oportunidades","status":"publish","type":"page","link":"https:\/\/iberculturaviva.org\/es\/as-oportunidades\/","title":{"rendered":"Oportunidades"},"content":{"rendered":"\n<p>IberCultura Viva transforma las pol\u00edticas culturales en oportunidades concretas para quienes hacen cultura en los territorios. A trav\u00e9s de convocatorias, formaciones e intercambios, fortalece iniciativas comunitarias y ampl\u00eda el alcance de la cultura viva en Iberoam\u00e9rica.<\/p>\n\n\n\n<p>M\u00e1s que incentivos financieros, nuestras convocatorias son puertas abiertas: conectan experiencias, impulsan redes y garantizan que quienes hacen cultura tengan acceso a recursos esenciales.<\/p>\n\n\n\n<p>Con cada convocatoria, nuevos proyectos cobran impulso, se generan nuevas conexiones y la cultura comunitaria se fortalece, reafirmando su papel en la construcci\u00f3n de sociedades m\u00e1s justas y vibrantes.<\/p>\n\n\n\n<p>Descubre algunas v\u00edas para acceder a estas oportunidades:<\/p>\n\n\n\n<h2 class=\"wp-block-heading\">Mapa IberCultura Viva<\/h2>\n\n\n\n<p>El Mapa IberCultura Viva es la plataforma libre, gratuita y colaborativa de mapeo del programa de cooperaci\u00f3n IberCultura Viva. En este espacio, representantes de organizaciones culturales comunitarias y pueblos originarios pueden registrarse como agentes culturales, difundir eventos, inscribir proyectos y postularse a las convocatorias y concursos publicados.<\/p>\n\n\n\n<p>La informaci\u00f3n recopilada por el Mapa IberCultura Viva ser\u00e1 utilizada para la construcci\u00f3n y consolidaci\u00f3n de indicadores culturales que fortalecer\u00e1n los sistemas de informaci\u00f3n cultural de los pa\u00edses miembros del programa.<\/p>\n\n\n\n<div class=\"wp-block-buttons is-content-justification-right is-layout-flex wp-container-core-buttons-is-layout-e351d09b wp-block-buttons-is-layout-flex\" style=\"margin-top:0;margin-bottom:0\">\n<div class=\"wp-block-button\"><a class=\"wp-block-button__link has-primary-light-background-color has-background wp-element-button\" href=\"https:\/\/mapa.iberculturaviva.org\/\" style=\"border-radius:4px;padding-right:var(--wp--preset--spacing--80);padding-left:var(--wp--preset--spacing--80)\" target=\"_blank\" rel=\"noreferrer noopener\">Acceder al Mapa<\/a><\/div>\n<\/div>\n\n\n\n<h2 class=\"wp-block-heading\">Eventos <\/h2>\n\n\n\n<p>\u00a1Descubre los eventos culturales que est\u00e1n dinamizando la cultura viva en Iberoam\u00e9rica! A trav\u00e9s de las herramientas de b\u00fasqueda, encuentra eventos cerca de ti o en cualquier regi\u00f3n participante. Registr\u00e1ndote en la plataforma, tambi\u00e9n puedes difundir tus propios eventos de forma gratuita, ampliando el alcance y el impacto de tus acciones.<\/p>\n\n\n\n<div class=\"wp-block-buttons is-content-justification-right is-layout-flex wp-container-core-buttons-is-layout-e351d09b wp-block-buttons-is-layout-flex\" style=\"margin-top:0;margin-bottom:0\">\n<div class=\"wp-block-button\"><a class=\"wp-block-button__link has-primary-light-background-color has-background wp-element-button\" href=\"https:\/\/mapa.iberculturaviva.org\/eventos\/#list\" style=\"border-radius:4px;padding-right:var(--wp--preset--spacing--80);padding-left:var(--wp--preset--spacing--80)\" target=\"_blank\" rel=\"noreferrer noopener\">Ver Eventos<\/a><\/div>\n<\/div>\n\n\n\n<h2 class=\"wp-block-heading\">Convocatorias<\/h2>\n\n\n\n<p>Aqu\u00ed encontrar\u00e1s convocatorias, premios, talleres y otras oportunidades dirigidas a la cultura comunitaria. Adem\u00e1s, puedes crear y difundir tus propias oportunidades para fortalecer redes e intercambios culturales en toda Iberoam\u00e9rica. \u00a1No pierdas la oportunidad de participar y colaborar!<\/p>\n\n\n\n<div class=\"wp-block-buttons is-content-justification-right is-layout-flex wp-container-core-buttons-is-layout-e351d09b wp-block-buttons-is-layout-flex\" style=\"margin-top:0;margin-bottom:0\">\n<div class=\"wp-block-button\"><a class=\"wp-block-button__link has-primary-light-background-color has-background wp-element-button\" href=\"https:\/\/mapa.iberculturaviva.org\/oportunidades\/#list\" style=\"border-radius:4px;padding-right:var(--wp--preset--spacing--80);padding-left:var(--wp--preset--spacing--80)\" target=\"_blank\" rel=\"noreferrer noopener\">Acceder a las Convocatorias<\/a><\/div>\n<\/div>\n\n\n\n<h2 class=\"wp-block-heading\">Espacios<\/h2>\n\n\n\n<p>Busca espacios culturales comunitarios registrados en la plataforma, utilizando los filtros para encontrar aquellos que sean de tu inter\u00e9s. Tambi\u00e9n puedes registrar los espacios donde desarrollas actividades culturales.<\/p>\n\n\n\n<div class=\"wp-block-buttons is-content-justification-right is-layout-flex wp-container-core-buttons-is-layout-e351d09b wp-block-buttons-is-layout-flex\" style=\"margin-top:0;margin-bottom:0\">\n<div class=\"wp-block-button\"><a class=\"wp-block-button__link has-primary-light-background-color has-background wp-element-button\" href=\"https:\/\/mapa.iberculturaviva.org\/espacos\/#list\" style=\"border-radius:4px;padding-right:var(--wp--preset--spacing--80);padding-left:var(--wp--preset--spacing--80)\" target=\"_blank\" rel=\"noreferrer noopener\">Accesar los Espacios<\/a><\/div>\n<\/div>\n\n\n\n<h2 class=\"wp-block-heading\">Agentes<\/h2>\n\n\n\n<p>Con\u00e9ctate con una red de gestores\/as, artistas, productores\/as y colectivos culturales registrados en el Mapa IberCultura Viva. Reg\u00edstrate e incluye tu informaci\u00f3n o la de tu organizaci\u00f3n o colectivo para fortalecer los lazos con otras iniciativas culturales de Iberoam\u00e9rica.<\/p>\n\n\n\n<p><\/p>\n\n\n\n<div class=\"wp-block-buttons is-content-justification-right is-layout-flex wp-container-core-buttons-is-layout-e351d09b wp-block-buttons-is-layout-flex\" style=\"margin-top:0;margin-bottom:0\">\n<div class=\"wp-block-button\"><a class=\"wp-block-button__link has-primary-light-background-color has-background wp-element-button\" href=\"https:\/\/mapa.iberculturaviva.org\/agentes\/#list\" style=\"border-radius:4px;padding-right:var(--wp--preset--spacing--80);padding-left:var(--wp--preset--spacing--80)\" target=\"_blank\" rel=\"noreferrer noopener\">Consulta las y los agentes<\/a><\/div>\n<\/div>\n\n\n\n<h2 class=\"wp-block-heading\">Banco de saberes<\/h2>\n\n\n\n<p>El <strong>Banco de Saberes<\/strong> es una de las principales iniciativas de IberCultura Viva para promover el intercambio entre organizaciones culturales comunitarias y pueblos originarios iberoamericanos. A trav\u00e9s de esta plataforma, los colectivos pueden registrar propuestas de talleres y capacitaciones en el <strong><a href=\"https:\/\/mapa.iberculturaviva.org\/\" target=\"_blank\" rel=\"noreferrer noopener\">Mapa IberCultura Viva<\/a><\/strong>, poniendo su experiencia a disposici\u00f3n de otras comunidades.<\/p>\n\n\n\n<p>Al participar, las organizaciones y los pueblos originarios expresan su inter\u00e9s en viajar para compartir sus saberes. Cada proponente puede inscribir hasta tres propuestas, y la convocatoria permanece abierta de manera continua, con cortes peri\u00f3dicos para la revisi\u00f3n y publicaci\u00f3n de las actividades.<\/p>\n\n\n\n<h3 class=\"wp-block-heading\"><strong>Apoyo a la movilidad<\/strong><\/h3>\n\n\n\n<p>Las propuestas aprobadas y publicadas en el <strong>Banco de Saberes<\/strong> podr\u00e1n ser promovidas a trav\u00e9s de las convocatorias <strong>IberEntrela\u00e7ando Experiencias<\/strong>. De este modo, cuando se lanza una convocatoria, las comunidades interesadas pueden postularse para recibir estas actividades.<\/p>\n\n\n\n<p>IberCultura Viva cubre los pasajes a\u00e9reos y el seguro de viaje para los facilitadores de los talleres\/capacitaciones seleccionadas. Por su parte, las comunidades anfitrionas son responsables del alojamiento, la alimentaci\u00f3n y los traslados locales.<\/p>\n\n\n\n<div style=\"height:2px\" aria-hidden=\"true\" class=\"wp-block-spacer\"><\/div>\n\n\n\n<div class=\"wp-block-buttons is-content-justification-right is-layout-flex wp-container-core-buttons-is-layout-e351d09b wp-block-buttons-is-layout-flex\" style=\"margin-top:0;margin-bottom:0\">\n<div class=\"wp-block-button\"><a class=\"wp-block-button__link has-primary-light-background-color has-background wp-element-button\" href=\"https:\/\/iberculturaviva.org\/proposal\/\" style=\"border-radius:4px;padding-right:var(--wp--preset--spacing--80);padding-left:var(--wp--preset--spacing--80)\">Banco de Saberes<\/a><\/div>\n<\/div>\n\n\n\n<p><\/p>\n","protected":false},"excerpt":{"rendered":"<p>IberCultura Viva transforma las pol\u00edticas culturales en oportunidades concretas para quienes hacen cultura en los territorios. A trav\u00e9s de convocatorias, formaciones e intercambios, fortalece iniciativas comunitarias y ampl\u00eda el alcance [&hellip;]<\/p>\n","protected":false},"author":2,"featured_media":0,"parent":0,"menu_order":0,"comment_status":"closed","ping_status":"closed","template":"page-anchor.php","meta":{"_coblocks_attr":"","_coblocks_dimensions":"","_coblocks_responsive_height":"","_coblocks_accordion_ie_support":"","_EventAllDay":false,"_EventTimezone":"","_EventStartDate":"","_EventEndDate":"","_EventStartDateUTC":"","_EventEndDateUTC":"","_EventShowMap":false,"_EventShowMapLink":false,"_EventURL":"","_EventCost":"","_EventCostDescription":"","_EventCurrencySymbol":"","_EventCurrencyCode":"","_EventCurrencyPosition":"","_EventDateTimeSeparator":"","_EventTimeRangeSeparator":"","_EventOrganizerID":[],"_EventVenueID":[],"_OrganizerEmail":"","_OrganizerPhone":"","_OrganizerWebsite":"","_VenueAddress":"","_VenueCity":"","_VenueCountry":"","_VenueProvince":"","_VenueState":"","_VenueZip":"","_VenuePhone":"","_VenueURL":"","_VenueStateProvince":"","_VenueLat":"","_VenueLng":"","_VenueShowMap":false,"_VenueShowMapLink":false,"footnotes":""},"class_list":["post-40290","page","type-page","status-publish","hentry"],"yoast_head":"<!-- This site is optimized with the Yoast SEO plugin v25.7 - https:\/\/yoast.com\/wordpress\/plugins\/seo\/ -->\n<title>Oportunidades - IberCultura Viva<\/title>\n<meta name=\"description\" content=\"Oportunidades - IberCultura Viva\" \/>\n<meta name=\"robots\" content=\"index, follow, max-snippet:-1, max-image-preview:large, max-video-preview:-1\" \/>\n<link rel=\"canonical\" href=\"https:\/\/iberculturaviva.org\/es\/as-oportunidades\/\" \/>\n<meta property=\"og:locale\" content=\"es_ES\" \/>\n<meta property=\"og:type\" content=\"article\" \/>\n<meta property=\"og:title\" content=\"Oportunidades - IberCultura Viva\" \/>\n<meta property=\"og:description\" content=\"Oportunidades - IberCultura Viva\" \/>\n<meta property=\"og:url\" content=\"https:\/\/iberculturaviva.org\/es\/as-oportunidades\/\" \/>\n<meta property=\"og:site_name\" content=\"IberCultura Viva\" \/>\n<meta property=\"article:publisher\" content=\"https:\/\/www.facebook.com\/iberculturaviva\/\" \/>\n<meta property=\"article:modified_time\" content=\"2025-03-19T19:24:45+00:00\" \/>\n<meta property=\"og:image\" content=\"https:\/\/iberculturaviva.org\/wp-content\/uploads\/2024\/12\/logo1.png\" \/>\n\t<meta property=\"og:image:width\" content=\"166\" \/>\n\t<meta property=\"og:image:height\" content=\"152\" \/>\n\t<meta property=\"og:image:type\" content=\"image\/png\" \/>\n<meta name=\"twitter:card\" content=\"summary_large_image\" \/>\n<meta name=\"twitter:label1\" content=\"Tiempo de lectura\" \/>\n\t<meta name=\"twitter:data1\" content=\"3 minutos\" \/>\n<script type=\"application\/ld+json\" class=\"yoast-schema-graph\">{\"@context\":\"https:\/\/schema.org\",\"@graph\":[{\"@type\":\"WebPage\",\"@id\":\"https:\/\/iberculturaviva.org\/es\/as-oportunidades\/\",\"url\":\"https:\/\/iberculturaviva.org\/es\/as-oportunidades\/\",\"name\":\"Oportunidades - IberCultura Viva\",\"isPartOf\":{\"@id\":\"https:\/\/iberculturaviva.org\/es\/?lang=es\/#website\"},\"datePublished\":\"2024-12-11T12:56:20+00:00\",\"dateModified\":\"2025-03-19T19:24:45+00:00\",\"description\":\"Oportunidades - IberCultura Viva\",\"breadcrumb\":{\"@id\":\"https:\/\/iberculturaviva.org\/es\/as-oportunidades\/#breadcrumb\"},\"inLanguage\":\"es\",\"potentialAction\":[{\"@type\":\"ReadAction\",\"target\":[\"https:\/\/iberculturaviva.org\/es\/as-oportunidades\/\"]}]},{\"@type\":\"BreadcrumbList\",\"@id\":\"https:\/\/iberculturaviva.org\/es\/as-oportunidades\/#breadcrumb\",\"itemListElement\":[{\"@type\":\"ListItem\",\"position\":1,\"name\":\"In\u00edcio\",\"item\":\"https:\/\/iberculturaviva.org\/es\/inicio\/\"},{\"@type\":\"ListItem\",\"position\":2,\"name\":\"Oportunidades\"}]},{\"@type\":\"WebSite\",\"@id\":\"https:\/\/iberculturaviva.org\/es\/?lang=es\/#website\",\"url\":\"https:\/\/iberculturaviva.org\/es\/?lang=es\/\",\"name\":\"IberCultura Viva\",\"description\":\"Programa de cooperaci\u00f3n cultural\",\"publisher\":{\"@id\":\"https:\/\/iberculturaviva.org\/es\/?lang=es\/#organization\"},\"potentialAction\":[{\"@type\":\"SearchAction\",\"target\":{\"@type\":\"EntryPoint\",\"urlTemplate\":\"https:\/\/iberculturaviva.org\/es\/?lang=es\/?s={search_term_string}\"},\"query-input\":{\"@type\":\"PropertyValueSpecification\",\"valueRequired\":true,\"valueName\":\"search_term_string\"}}],\"inLanguage\":\"es\"},{\"@type\":\"Organization\",\"@id\":\"https:\/\/iberculturaviva.org\/es\/?lang=es\/#organization\",\"name\":\"Iberculturaviva\",\"url\":\"https:\/\/iberculturaviva.org\/es\/?lang=es\/\",\"logo\":{\"@type\":\"ImageObject\",\"inLanguage\":\"es\",\"@id\":\"https:\/\/iberculturaviva.org\/es\/?lang=es\/#\/schema\/logo\/image\/\",\"url\":\"https:\/\/iberculturaviva.org\/wp-content\/uploads\/2021\/08\/logo_ibercultura_viva.jpg\",\"contentUrl\":\"https:\/\/iberculturaviva.org\/wp-content\/uploads\/2021\/08\/logo_ibercultura_viva.jpg\",\"width\":708,\"height\":223,\"caption\":\"Iberculturaviva\"},\"image\":{\"@id\":\"https:\/\/iberculturaviva.org\/es\/?lang=es\/#\/schema\/logo\/image\/\"},\"sameAs\":[\"https:\/\/www.facebook.com\/iberculturaviva\/\",\"https:\/\/www.instagram.com\/iberculturaviva\/\",\"https:\/\/www.youtube.com\/iberculturaviva\"]}]}<\/script>\n<!-- \/ Yoast SEO plugin. -->","yoast_head_json":{"title":"Oportunidades - IberCultura Viva","description":"Oportunidades - IberCultura Viva","robots":{"index":"index","follow":"follow","max-snippet":"max-snippet:-1","max-image-preview":"max-image-preview:large","max-video-preview":"max-video-preview:-1"},"canonical":"https:\/\/iberculturaviva.org\/es\/as-oportunidades\/","og_locale":"es_ES","og_type":"article","og_title":"Oportunidades - IberCultura Viva","og_description":"Oportunidades - IberCultura Viva","og_url":"https:\/\/iberculturaviva.org\/es\/as-oportunidades\/","og_site_name":"IberCultura Viva","article_publisher":"https:\/\/www.facebook.com\/iberculturaviva\/","article_modified_time":"2025-03-19T19:24:45+00:00","og_image":[{"width":166,"height":152,"url":"https:\/\/iberculturaviva.org\/wp-content\/uploads\/2024\/12\/logo1.png","type":"image\/png"}],"twitter_card":"summary_large_image","twitter_misc":{"Tiempo de lectura":"3 minutos"},"schema":{"@context":"https:\/\/schema.org","@graph":[{"@type":"WebPage","@id":"https:\/\/iberculturaviva.org\/es\/as-oportunidades\/","url":"https:\/\/iberculturaviva.org\/es\/as-oportunidades\/","name":"Oportunidades - IberCultura Viva","isPartOf":{"@id":"https:\/\/iberculturaviva.org\/es\/?lang=es\/#website"},"datePublished":"2024-12-11T12:56:20+00:00","dateModified":"2025-03-19T19:24:45+00:00","description":"Oportunidades - IberCultura Viva","breadcrumb":{"@id":"https:\/\/iberculturaviva.org\/es\/as-oportunidades\/#breadcrumb"},"inLanguage":"es","potentialAction":[{"@type":"ReadAction","target":["https:\/\/iberculturaviva.org\/es\/as-oportunidades\/"]}]},{"@type":"BreadcrumbList","@id":"https:\/\/iberculturaviva.org\/es\/as-oportunidades\/#breadcrumb","itemListElement":[{"@type":"ListItem","position":1,"name":"In\u00edcio","item":"https:\/\/iberculturaviva.org\/es\/inicio\/"},{"@type":"ListItem","position":2,"name":"Oportunidades"}]},{"@type":"WebSite","@id":"https:\/\/iberculturaviva.org\/es\/?lang=es\/#website","url":"https:\/\/iberculturaviva.org\/es\/?lang=es\/","name":"IberCultura Viva","description":"Programa de cooperaci\u00f3n cultural","publisher":{"@id":"https:\/\/iberculturaviva.org\/es\/?lang=es\/#organization"},"potentialAction":[{"@type":"SearchAction","target":{"@type":"EntryPoint","urlTemplate":"https:\/\/iberculturaviva.org\/es\/?lang=es\/?s={search_term_string}"},"query-input":{"@type":"PropertyValueSpecification","valueRequired":true,"valueName":"search_term_string"}}],"inLanguage":"es"},{"@type":"Organization","@id":"https:\/\/iberculturaviva.org\/es\/?lang=es\/#organization","name":"Iberculturaviva","url":"https:\/\/iberculturaviva.org\/es\/?lang=es\/","logo":{"@type":"ImageObject","inLanguage":"es","@id":"https:\/\/iberculturaviva.org\/es\/?lang=es\/#\/schema\/logo\/image\/","url":"https:\/\/iberculturaviva.org\/wp-content\/uploads\/2021\/08\/logo_ibercultura_viva.jpg","contentUrl":"https:\/\/iberculturaviva.org\/wp-content\/uploads\/2021\/08\/logo_ibercultura_viva.jpg","width":708,"height":223,"caption":"Iberculturaviva"},"image":{"@id":"https:\/\/iberculturaviva.org\/es\/?lang=es\/#\/schema\/logo\/image\/"},"sameAs":["https:\/\/www.facebook.com\/iberculturaviva\/","https:\/\/www.instagram.com\/iberculturaviva\/","https:\/\/www.youtube.com\/iberculturaviva"]}]}},"_links":{"self":[{"href":"https:\/\/iberculturaviva.org\/es\/wp-json\/wp\/v2\/pages\/40290","targetHints":{"allow":["GET"]}}],"collection":[{"href":"https:\/\/iberculturaviva.org\/es\/wp-json\/wp\/v2\/pages"}],"about":[{"href":"https:\/\/iberculturaviva.org\/es\/wp-json\/wp\/v2\/types\/page"}],"author":[{"embeddable":true,"href":"https:\/\/iberculturaviva.org\/es\/wp-json\/wp\/v2\/users\/2"}],"replies":[{"embeddable":true,"href":"https:\/\/iberculturaviva.org\/es\/wp-json\/wp\/v2\/comments?post=40290"}],"version-history":[{"count":6,"href":"https:\/\/iberculturaviva.org\/es\/wp-json\/wp\/v2\/pages\/40290\/revisions"}],"predecessor-version":[{"id":41975,"href":"https:\/\/iberculturaviva.org\/es\/wp-json\/wp\/v2\/pages\/40290\/revisions\/41975"}],"wp:attachment":[{"href":"https:\/\/iberculturaviva.org\/es\/wp-json\/wp\/v2\/media?parent=40290"}],"curies":[{"name":"wp","href":"https:\/\/api.w.org\/{rel}","templated":true}]}}