{"id":39181,"date":"2024-11-19T17:30:56","date_gmt":"2024-11-19T20:30:56","guid":{"rendered":"https:\/\/iberculturaviva.org\/paises-membros\/"},"modified":"2025-08-22T11:26:53","modified_gmt":"2025-08-22T14:26:53","slug":"paises-membros","status":"publish","type":"page","link":"https:\/\/iberculturaviva.org\/es\/paises-membros\/","title":{"rendered":"Pa\u00edses Miembros"},"content":{"rendered":"\n<h2 class=\"wp-block-heading titulo-sessao has-primary-pure-color has-text-color has-link-color has-xx-large-font-size wp-elements-6966a52b68cfd4a142ece18f737d243f\" style=\"font-style:normal;font-weight:600\"><img loading=\"lazy\" decoding=\"async\" width=\"36\" height=\"46\" class=\"wp-image-37525\" style=\"width: 36px;\" src=\"https:\/\/iberculturaviva.org\/wp-content\/uploads\/2024\/11\/Camada_1-5.png\" alt=\"\">Pa\u00edses Miembros<\/h2>\n\n\n\n<p><strong>IberCultura Viva <\/strong>es fruto de la cooperaci\u00f3n entre pa\u00edses que reconocen la cultura de base comunitaria como un derecho y un pilar del desarrollo. Desde 2014, el Programa impulsa la institucionalizaci\u00f3n y expansi\u00f3n de estas pol\u00edticas, promoviendo redes de di\u00e1logo entre gestores, organizaciones sociales y hacedores y hacedoras de cultura.<\/p>\n\n\n\n<p>Al unirse al Programa, los pa\u00edses fortalecen la articulaci\u00f3n entre diferentes \u00e1reas del Estado, ampl\u00edan el alcance de las pol\u00edticas culturales e invierten en la formaci\u00f3n de gestores y gestoras p\u00fablicas. Esta cooperaci\u00f3n ha sido decisiva para llevar pol\u00edticas culturales a territorios y sectores sociales hist\u00f3ricamente alejados de la cooperaci\u00f3n iberoamericana, demostrando el poder transformador de la cultura comunitaria.<\/p>\n\n\n\n<p>Con la gesti\u00f3n asociada y el trabajo en red, IberCultura Viva reafirma su compromiso con una Iberoam\u00e9rica diversa, participativa y conectada, donde la cultura late como derecho y transformaci\u00f3n.<\/p>\n\n\n\n<p><strong>Haz clic en el men\u00fa para conocer m\u00e1s sobre la trayectoria de cada uno de los pa\u00edses miembros.<\/strong><\/p>\n\n\n\n<p>Y si eres gestor o gestora del \u00e1rea de cultura en el gobierno de tu pa\u00eds, <a href=\"https:\/\/iberculturaviva.org\/es\/el-programa\/contacto\/\">\u00a1\u00fanete a esta historia!<\/a><\/p>\n","protected":false},"excerpt":{"rendered":"<p>Pa\u00edses Miembros IberCultura Viva es fruto de la cooperaci\u00f3n entre pa\u00edses que reconocen la cultura de base comunitaria como un derecho y un pilar del desarrollo. Desde 2014, el Programa [&hellip;]<\/p>\n","protected":false},"author":2,"featured_media":0,"parent":0,"menu_order":0,"comment_status":"closed","ping_status":"closed","template":"page-member-countries.php","meta":{"_coblocks_attr":"","_coblocks_dimensions":"","_coblocks_responsive_height":"","_coblocks_accordion_ie_support":"","_EventAllDay":false,"_EventTimezone":"","_EventStartDate":"","_EventEndDate":"","_EventStartDateUTC":"","_EventEndDateUTC":"","_EventShowMap":false,"_EventShowMapLink":false,"_EventURL":"","_EventCost":"","_EventCostDescription":"","_EventCurrencySymbol":"","_EventCurrencyCode":"","_EventCurrencyPosition":"","_EventDateTimeSeparator":"","_EventTimeRangeSeparator":"","_EventOrganizerID":[],"_EventVenueID":[],"_OrganizerEmail":"","_OrganizerPhone":"","_OrganizerWebsite":"","_VenueAddress":"","_VenueCity":"","_VenueCountry":"","_VenueProvince":"","_VenueState":"","_VenueZip":"","_VenuePhone":"","_VenueURL":"","_VenueStateProvince":"","_VenueLat":"","_VenueLng":"","_VenueShowMap":false,"_VenueShowMapLink":false,"footnotes":""},"class_list":["post-39181","page","type-page","status-publish","hentry"],"yoast_head":"<!-- This site is optimized with the Yoast SEO plugin v25.7 - https:\/\/yoast.com\/wordpress\/plugins\/seo\/ -->\n<title>Pa\u00edses Miembros - IberCultura Viva<\/title>\n<meta name=\"description\" content=\"Pa\u00edses Miembros - IberCultura Viva\" \/>\n<meta name=\"robots\" content=\"index, follow, max-snippet:-1, max-image-preview:large, max-video-preview:-1\" \/>\n<link rel=\"canonical\" href=\"https:\/\/iberculturaviva.org\/es\/paises-membros\/\" \/>\n<meta property=\"og:locale\" content=\"es_ES\" \/>\n<meta property=\"og:type\" content=\"article\" \/>\n<meta property=\"og:title\" content=\"Pa\u00edses Miembros - IberCultura Viva\" \/>\n<meta property=\"og:description\" content=\"Pa\u00edses Miembros - IberCultura Viva\" \/>\n<meta property=\"og:url\" content=\"https:\/\/iberculturaviva.org\/es\/paises-membros\/\" \/>\n<meta property=\"og:site_name\" content=\"IberCultura Viva\" \/>\n<meta property=\"article:publisher\" content=\"https:\/\/www.facebook.com\/iberculturaviva\/\" \/>\n<meta property=\"article:modified_time\" content=\"2025-08-22T14:26:53+00:00\" \/>\n<meta property=\"og:image\" content=\"https:\/\/iberculturaviva.org\/wp-content\/uploads\/2024\/11\/Camada_1-5.png\" \/>\n\t<meta property=\"og:image:width\" content=\"36\" \/>\n\t<meta property=\"og:image:height\" content=\"46\" \/>\n\t<meta property=\"og:image:type\" content=\"image\/png\" \/>\n<meta name=\"twitter:card\" content=\"summary_large_image\" \/>\n<meta name=\"twitter:label1\" content=\"Tiempo de lectura\" \/>\n\t<meta name=\"twitter:data1\" content=\"2 minutos\" \/>\n<script type=\"application\/ld+json\" class=\"yoast-schema-graph\">{\"@context\":\"https:\/\/schema.org\",\"@graph\":[{\"@type\":\"WebPage\",\"@id\":\"https:\/\/iberculturaviva.org\/es\/paises-membros\/\",\"url\":\"https:\/\/iberculturaviva.org\/es\/paises-membros\/\",\"name\":\"Pa\u00edses Miembros - IberCultura Viva\",\"isPartOf\":{\"@id\":\"https:\/\/iberculturaviva.org\/es\/?lang=es\/#website\"},\"primaryImageOfPage\":{\"@id\":\"https:\/\/iberculturaviva.org\/es\/paises-membros\/#primaryimage\"},\"image\":{\"@id\":\"https:\/\/iberculturaviva.org\/es\/paises-membros\/#primaryimage\"},\"thumbnailUrl\":\"https:\/\/iberculturaviva.org\/wp-content\/uploads\/2024\/11\/Camada_1-5.png\",\"datePublished\":\"2024-11-19T20:30:56+00:00\",\"dateModified\":\"2025-08-22T14:26:53+00:00\",\"description\":\"Pa\u00edses Miembros - IberCultura Viva\",\"breadcrumb\":{\"@id\":\"https:\/\/iberculturaviva.org\/es\/paises-membros\/#breadcrumb\"},\"inLanguage\":\"es\",\"potentialAction\":[{\"@type\":\"ReadAction\",\"target\":[\"https:\/\/iberculturaviva.org\/es\/paises-membros\/\"]}]},{\"@type\":\"ImageObject\",\"inLanguage\":\"es\",\"@id\":\"https:\/\/iberculturaviva.org\/es\/paises-membros\/#primaryimage\",\"url\":\"https:\/\/iberculturaviva.org\/wp-content\/uploads\/2024\/11\/Camada_1-5.png\",\"contentUrl\":\"https:\/\/iberculturaviva.org\/wp-content\/uploads\/2024\/11\/Camada_1-5.png\"},{\"@type\":\"BreadcrumbList\",\"@id\":\"https:\/\/iberculturaviva.org\/es\/paises-membros\/#breadcrumb\",\"itemListElement\":[{\"@type\":\"ListItem\",\"position\":1,\"name\":\"In\u00edcio\",\"item\":\"https:\/\/iberculturaviva.org\/es\/inicio\/\"},{\"@type\":\"ListItem\",\"position\":2,\"name\":\"Pa\u00edses Miembros\"}]},{\"@type\":\"WebSite\",\"@id\":\"https:\/\/iberculturaviva.org\/es\/?lang=es\/#website\",\"url\":\"https:\/\/iberculturaviva.org\/es\/?lang=es\/\",\"name\":\"IberCultura Viva\",\"description\":\"Programa de cooperaci\u00f3n cultural\",\"publisher\":{\"@id\":\"https:\/\/iberculturaviva.org\/es\/?lang=es\/#organization\"},\"potentialAction\":[{\"@type\":\"SearchAction\",\"target\":{\"@type\":\"EntryPoint\",\"urlTemplate\":\"https:\/\/iberculturaviva.org\/es\/?lang=es\/?s={search_term_string}\"},\"query-input\":{\"@type\":\"PropertyValueSpecification\",\"valueRequired\":true,\"valueName\":\"search_term_string\"}}],\"inLanguage\":\"es\"},{\"@type\":\"Organization\",\"@id\":\"https:\/\/iberculturaviva.org\/es\/?lang=es\/#organization\",\"name\":\"Iberculturaviva\",\"url\":\"https:\/\/iberculturaviva.org\/es\/?lang=es\/\",\"logo\":{\"@type\":\"ImageObject\",\"inLanguage\":\"es\",\"@id\":\"https:\/\/iberculturaviva.org\/es\/?lang=es\/#\/schema\/logo\/image\/\",\"url\":\"https:\/\/iberculturaviva.org\/wp-content\/uploads\/2021\/08\/logo_ibercultura_viva.jpg\",\"contentUrl\":\"https:\/\/iberculturaviva.org\/wp-content\/uploads\/2021\/08\/logo_ibercultura_viva.jpg\",\"width\":708,\"height\":223,\"caption\":\"Iberculturaviva\"},\"image\":{\"@id\":\"https:\/\/iberculturaviva.org\/es\/?lang=es\/#\/schema\/logo\/image\/\"},\"sameAs\":[\"https:\/\/www.facebook.com\/iberculturaviva\/\",\"https:\/\/www.instagram.com\/iberculturaviva\/\",\"https:\/\/www.youtube.com\/iberculturaviva\"]}]}<\/script>\n<!-- \/ Yoast SEO plugin. -->","yoast_head_json":{"title":"Pa\u00edses Miembros - IberCultura Viva","description":"Pa\u00edses Miembros - IberCultura Viva","robots":{"index":"index","follow":"follow","max-snippet":"max-snippet:-1","max-image-preview":"max-image-preview:large","max-video-preview":"max-video-preview:-1"},"canonical":"https:\/\/iberculturaviva.org\/es\/paises-membros\/","og_locale":"es_ES","og_type":"article","og_title":"Pa\u00edses Miembros - IberCultura Viva","og_description":"Pa\u00edses Miembros - IberCultura Viva","og_url":"https:\/\/iberculturaviva.org\/es\/paises-membros\/","og_site_name":"IberCultura Viva","article_publisher":"https:\/\/www.facebook.com\/iberculturaviva\/","article_modified_time":"2025-08-22T14:26:53+00:00","og_image":[{"width":36,"height":46,"url":"https:\/\/iberculturaviva.org\/wp-content\/uploads\/2024\/11\/Camada_1-5.png","type":"image\/png"}],"twitter_card":"summary_large_image","twitter_misc":{"Tiempo de lectura":"2 minutos"},"schema":{"@context":"https:\/\/schema.org","@graph":[{"@type":"WebPage","@id":"https:\/\/iberculturaviva.org\/es\/paises-membros\/","url":"https:\/\/iberculturaviva.org\/es\/paises-membros\/","name":"Pa\u00edses Miembros - IberCultura Viva","isPartOf":{"@id":"https:\/\/iberculturaviva.org\/es\/?lang=es\/#website"},"primaryImageOfPage":{"@id":"https:\/\/iberculturaviva.org\/es\/paises-membros\/#primaryimage"},"image":{"@id":"https:\/\/iberculturaviva.org\/es\/paises-membros\/#primaryimage"},"thumbnailUrl":"https:\/\/iberculturaviva.org\/wp-content\/uploads\/2024\/11\/Camada_1-5.png","datePublished":"2024-11-19T20:30:56+00:00","dateModified":"2025-08-22T14:26:53+00:00","description":"Pa\u00edses Miembros - IberCultura Viva","breadcrumb":{"@id":"https:\/\/iberculturaviva.org\/es\/paises-membros\/#breadcrumb"},"inLanguage":"es","potentialAction":[{"@type":"ReadAction","target":["https:\/\/iberculturaviva.org\/es\/paises-membros\/"]}]},{"@type":"ImageObject","inLanguage":"es","@id":"https:\/\/iberculturaviva.org\/es\/paises-membros\/#primaryimage","url":"https:\/\/iberculturaviva.org\/wp-content\/uploads\/2024\/11\/Camada_1-5.png","contentUrl":"https:\/\/iberculturaviva.org\/wp-content\/uploads\/2024\/11\/Camada_1-5.png"},{"@type":"BreadcrumbList","@id":"https:\/\/iberculturaviva.org\/es\/paises-membros\/#breadcrumb","itemListElement":[{"@type":"ListItem","position":1,"name":"In\u00edcio","item":"https:\/\/iberculturaviva.org\/es\/inicio\/"},{"@type":"ListItem","position":2,"name":"Pa\u00edses Miembros"}]},{"@type":"WebSite","@id":"https:\/\/iberculturaviva.org\/es\/?lang=es\/#website","url":"https:\/\/iberculturaviva.org\/es\/?lang=es\/","name":"IberCultura Viva","description":"Programa de cooperaci\u00f3n cultural","publisher":{"@id":"https:\/\/iberculturaviva.org\/es\/?lang=es\/#organization"},"potentialAction":[{"@type":"SearchAction","target":{"@type":"EntryPoint","urlTemplate":"https:\/\/iberculturaviva.org\/es\/?lang=es\/?s={search_term_string}"},"query-input":{"@type":"PropertyValueSpecification","valueRequired":true,"valueName":"search_term_string"}}],"inLanguage":"es"},{"@type":"Organization","@id":"https:\/\/iberculturaviva.org\/es\/?lang=es\/#organization","name":"Iberculturaviva","url":"https:\/\/iberculturaviva.org\/es\/?lang=es\/","logo":{"@type":"ImageObject","inLanguage":"es","@id":"https:\/\/iberculturaviva.org\/es\/?lang=es\/#\/schema\/logo\/image\/","url":"https:\/\/iberculturaviva.org\/wp-content\/uploads\/2021\/08\/logo_ibercultura_viva.jpg","contentUrl":"https:\/\/iberculturaviva.org\/wp-content\/uploads\/2021\/08\/logo_ibercultura_viva.jpg","width":708,"height":223,"caption":"Iberculturaviva"},"image":{"@id":"https:\/\/iberculturaviva.org\/es\/?lang=es\/#\/schema\/logo\/image\/"},"sameAs":["https:\/\/www.facebook.com\/iberculturaviva\/","https:\/\/www.instagram.com\/iberculturaviva\/","https:\/\/www.youtube.com\/iberculturaviva"]}]}},"_links":{"self":[{"href":"https:\/\/iberculturaviva.org\/es\/wp-json\/wp\/v2\/pages\/39181","targetHints":{"allow":["GET"]}}],"collection":[{"href":"https:\/\/iberculturaviva.org\/es\/wp-json\/wp\/v2\/pages"}],"about":[{"href":"https:\/\/iberculturaviva.org\/es\/wp-json\/wp\/v2\/types\/page"}],"author":[{"embeddable":true,"href":"https:\/\/iberculturaviva.org\/es\/wp-json\/wp\/v2\/users\/2"}],"replies":[{"embeddable":true,"href":"https:\/\/iberculturaviva.org\/es\/wp-json\/wp\/v2\/comments?post=39181"}],"version-history":[{"count":11,"href":"https:\/\/iberculturaviva.org\/es\/wp-json\/wp\/v2\/pages\/39181\/revisions"}],"predecessor-version":[{"id":46353,"href":"https:\/\/iberculturaviva.org\/es\/wp-json\/wp\/v2\/pages\/39181\/revisions\/46353"}],"wp:attachment":[{"href":"https:\/\/iberculturaviva.org\/es\/wp-json\/wp\/v2\/media?parent=39181"}],"curies":[{"name":"wp","href":"https:\/\/api.w.org\/{rel}","templated":true}]}}